{"id":8,"date":"2024-12-23T12:29:13","date_gmt":"2024-12-23T11:29:13","guid":{"rendered":"https:\/\/muetterpflege-oberberg.de\/?page_id=8"},"modified":"2024-12-23T12:29:13","modified_gmt":"2024-12-23T11:29:13","slug":"herzlich-willkommen","status":"publish","type":"page","link":"https:\/\/muetterpflege-oberberg.de\/","title":{"rendered":"Herzlich Willkommen!"},"content":{"rendered":"\n<div class=\"wp-block-group alignfull is-layout-flow wp-block-group-is-layout-flow\">\n<div class=\"wp-block-group alignfull has-global-padding is-layout-constrained wp-block-group-is-layout-constrained\" style=\"padding-top:var(--wp--preset--spacing--50);padding-bottom:var(--wp--preset--spacing--50)\">\n<div class=\"wp-block-columns alignwide is-layout-flex wp-container-core-columns-is-layout-55c14dbb wp-block-columns-is-layout-flex\" style=\"padding-top:var(--wp--preset--spacing--80);padding-bottom:var(--wp--preset--spacing--50)\">\n<div class=\"wp-block-column is-layout-flow wp-block-column-is-layout-flow\" style=\"flex-basis:50%\">\n<h2 class=\"wp-block-heading alignwide has-x-large-font-size\">Hallo,<br>sch\u00f6n, dass das du da bist!<br>Momentan befindet sich meine Homepage noch im Aufbau. Besuche gerne in der Zwischenzeit mein Insta Profil.<br><br>Liebe Gr\u00fc\u00dfe Christiane Felix, deine M\u00fctterpflegerin im Oberbergischen<\/h2>\n<\/div>\n\n\n\n<div class=\"wp-block-column is-layout-flow wp-block-column-is-layout-flow\" style=\"flex-basis:50%\">\n<div style=\"height:var(--wp--preset--spacing--20)\" aria-hidden=\"true\" class=\"wp-block-spacer\"><\/div>\n\n\n\n<figure class=\"wp-block-image size-full is-resized\"><img loading=\"lazy\" decoding=\"async\" width=\"785\" height=\"696\" src=\"https:\/\/muetterpflege-oberberg.de\/wp-content\/uploads\/2024\/12\/QR-Code.png\" alt=\"\" class=\"wp-image-12\" style=\"width:358px;height:auto\" srcset=\"https:\/\/muetterpflege-oberberg.de\/wp-content\/uploads\/2024\/12\/QR-Code.png 785w, https:\/\/muetterpflege-oberberg.de\/wp-content\/uploads\/2024\/12\/QR-Code-300x266.png 300w, https:\/\/muetterpflege-oberberg.de\/wp-content\/uploads\/2024\/12\/QR-Code-768x681.png 768w\" sizes=\"auto, (max-width: 785px) 100vw, 785px\" \/><\/figure>\n<\/div>\n<\/div>\n<\/div>\n<\/div>\n\n\n\n<div class=\"wp-block-group alignfull has-global-padding is-layout-constrained wp-block-group-is-layout-constrained\" style=\"margin-top:0;margin-bottom:0\">\n<div class=\"wp-block-columns alignwide is-layout-flex wp-container-core-columns-is-layout-65e523f9 wp-block-columns-is-layout-flex\">\n<div class=\"wp-block-column is-layout-flow wp-block-column-is-layout-flow\">\n<figure class=\"wp-block-image size-large\"><img loading=\"lazy\" decoding=\"async\" width=\"682\" height=\"1024\" src=\"https:\/\/muetterpflege-oberberg.de\/wp-content\/uploads\/2024\/12\/CF-682x1024.jpeg\" alt=\"\" class=\"wp-image-14\" srcset=\"https:\/\/muetterpflege-oberberg.de\/wp-content\/uploads\/2024\/12\/CF-682x1024.jpeg 682w, https:\/\/muetterpflege-oberberg.de\/wp-content\/uploads\/2024\/12\/CF-200x300.jpeg 200w, https:\/\/muetterpflege-oberberg.de\/wp-content\/uploads\/2024\/12\/CF-768x1152.jpeg 768w, https:\/\/muetterpflege-oberberg.de\/wp-content\/uploads\/2024\/12\/CF.jpeg 853w\" sizes=\"auto, (max-width: 682px) 100vw, 682px\" \/><\/figure>\n<\/div>\n\n\n\n<div class=\"wp-block-column is-layout-flow wp-block-column-is-layout-flow\">\n<figure class=\"wp-block-image size-full\"><img loading=\"lazy\" decoding=\"async\" width=\"500\" height=\"500\" src=\"https:\/\/muetterpflege-oberberg.de\/wp-content\/uploads\/2024\/12\/Logo-Full.jpeg\" alt=\"\" class=\"wp-image-13\" srcset=\"https:\/\/muetterpflege-oberberg.de\/wp-content\/uploads\/2024\/12\/Logo-Full.jpeg 500w, https:\/\/muetterpflege-oberberg.de\/wp-content\/uploads\/2024\/12\/Logo-Full-300x300.jpeg 300w, https:\/\/muetterpflege-oberberg.de\/wp-content\/uploads\/2024\/12\/Logo-Full-150x150.jpeg 150w\" sizes=\"auto, (max-width: 500px) 100vw, 500px\" \/><\/figure>\n<\/div>\n<\/div>\n\n\n\n<div style=\"height:var(--wp--preset--spacing--30)\" aria-hidden=\"true\" class=\"wp-block-spacer\"><\/div>\n<\/div>\n\n\n\n<p><\/p>\n","protected":false},"excerpt":{"rendered":"<p>Hallo,sch\u00f6n, dass das du da bist!Momentan befindet sich meine Homepage noch im Aufbau. Besuche gerne in der Zwischenzeit mein Insta Profil. Liebe Gr\u00fc\u00dfe Christiane Felix, deine M\u00fctterpflegerin im Oberbergischen<\/p>\n","protected":false},"author":2,"featured_media":0,"parent":0,"menu_order":0,"comment_status":"closed","ping_status":"closed","template":"","meta":{"footnotes":""},"class_list":["post-8","page","type-page","status-publish","hentry"],"_links":{"self":[{"href":"https:\/\/muetterpflege-oberberg.de\/index.php?rest_route=\/wp\/v2\/pages\/8","targetHints":{"allow":["GET"]}}],"collection":[{"href":"https:\/\/muetterpflege-oberberg.de\/index.php?rest_route=\/wp\/v2\/pages"}],"about":[{"href":"https:\/\/muetterpflege-oberberg.de\/index.php?rest_route=\/wp\/v2\/types\/page"}],"author":[{"embeddable":true,"href":"https:\/\/muetterpflege-oberberg.de\/index.php?rest_route=\/wp\/v2\/users\/2"}],"replies":[{"embeddable":true,"href":"https:\/\/muetterpflege-oberberg.de\/index.php?rest_route=%2Fwp%2Fv2%2Fcomments&post=8"}],"version-history":[{"count":4,"href":"https:\/\/muetterpflege-oberberg.de\/index.php?rest_route=\/wp\/v2\/pages\/8\/revisions"}],"predecessor-version":[{"id":24,"href":"https:\/\/muetterpflege-oberberg.de\/index.php?rest_route=\/wp\/v2\/pages\/8\/revisions\/24"}],"wp:attachment":[{"href":"https:\/\/muetterpflege-oberberg.de\/index.php?rest_route=%2Fwp%2Fv2%2Fmedia&parent=8"}],"curies":[{"name":"wp","href":"https:\/\/api.w.org\/{rel}","templated":true}]}}